{"id":7,"date":"2025-11-02T20:54:08","date_gmt":"2025-11-02T20:54:08","guid":{"rendered":"https:\/\/codematte.com\/beautyandnails\/?page_id=7"},"modified":"2025-11-03T01:49:18","modified_gmt":"2025-11-03T01:49:18","slug":"home","status":"publish","type":"page","link":"https:\/\/codematte.com\/beautyandnails\/","title":{"rendered":"Home"},"content":{"rendered":"\t\t<div data-elementor-type=\"wp-page\" data-elementor-id=\"7\" class=\"elementor elementor-7\">\n\t\t\t\t<div class=\"elementor-element elementor-element-b32ac33 e-flex e-con-boxed wpr-particle-no wpr-jarallax-no wpr-parallax-no wpr-sticky-section-no e-con e-parent\" data-id=\"b32ac33\" data-element_type=\"container\" data-settings=\"{&quot;background_background&quot;:&quot;classic&quot;}\">\n\t\t\t\t\t<div class=\"e-con-inner\">\n\t\t<div class=\"elementor-element elementor-element-1ecc277 e-con-full e-flex wpr-particle-no wpr-jarallax-no wpr-parallax-no wpr-sticky-section-no e-con e-child\" data-id=\"1ecc277\" data-element_type=\"container\">\n\t\t\t\t<div class=\"elementor-element elementor-element-1325952 elementor-widget elementor-widget-image\" data-id=\"1325952\" data-element_type=\"widget\" data-widget_type=\"image.default\">\n\t\t\t\t\t\t\t\t\t\t\t\t\t\t\t<img fetchpriority=\"high\" decoding=\"async\" width=\"392\" height=\"206\" src=\"https:\/\/codematte.com\/beautyandnails\/wp-content\/uploads\/2025\/11\/nil-logo-branca.png\" class=\"attachment-full size-full wp-image-26\" alt=\"\" srcset=\"https:\/\/codematte.com\/beautyandnails\/wp-content\/uploads\/2025\/11\/nil-logo-branca.png 392w, https:\/\/codematte.com\/beautyandnails\/wp-content\/uploads\/2025\/11\/nil-logo-branca-300x158.png 300w\" sizes=\"(max-width: 392px) 100vw, 392px\" \/>\t\t\t\t\t\t\t\t\t\t\t\t\t\t\t<\/div>\n\t\t\t\t<div class=\"elementor-element elementor-element-10e6c1a elementor-widget elementor-widget-heading\" data-id=\"10e6c1a\" data-element_type=\"widget\" data-widget_type=\"heading.default\">\n\t\t\t\t\t<h2 class=\"elementor-heading-title elementor-size-default\"><strong>VOC\u00ca SAIR\u00c1 TRANFORMADA POR <span style=\"color: #ff0078\">PROFISSIONAIS QUE TE ENTENDE<\/span> <\/strong><\/h2>\t\t\t\t<\/div>\n\t\t\t\t<div class=\"elementor-element elementor-element-df67fc1 elementor-widget elementor-widget-text-editor\" data-id=\"df67fc1\" data-element_type=\"widget\" data-widget_type=\"text-editor.default\">\n\t\t\t\t\t\t\t\t\t<p>Voc\u00ea merece muito mais <strong>invista em voc\u00ea e saia uma diva!<\/strong><\/p>\t\t\t\t\t\t\t\t<\/div>\n\t\t\t\t<div class=\"elementor-element elementor-element-ae371e6 elementor-shape-circle elementor-widget__width-inherit elementor-grid-0 e-grid-align-center elementor-widget elementor-widget-social-icons\" data-id=\"ae371e6\" data-element_type=\"widget\" data-widget_type=\"social-icons.default\">\n\t\t\t\t\t\t\t<div class=\"elementor-social-icons-wrapper elementor-grid\" role=\"list\">\n\t\t\t\t\t\t\t<span class=\"elementor-grid-item\" role=\"listitem\">\n\t\t\t\t\t<a class=\"elementor-icon elementor-social-icon elementor-social-icon-instagram elementor-animation-grow elementor-repeater-item-269acd3\" target=\"_blank\">\n\t\t\t\t\t\t<span class=\"elementor-screen-only\">Instagram<\/span>\n\t\t\t\t\t\t<svg aria-hidden=\"true\" class=\"e-font-icon-svg e-fab-instagram\" viewBox=\"0 0 448 512\" xmlns=\"http:\/\/www.w3.org\/2000\/svg\"><path d=\"M224.1 141c-63.6 0-114.9 51.3-114.9 114.9s51.3 114.9 114.9 114.9S339 319.5 339 255.9 287.7 141 224.1 141zm0 189.6c-41.1 0-74.7-33.5-74.7-74.7s33.5-74.7 74.7-74.7 74.7 33.5 74.7 74.7-33.6 74.7-74.7 74.7zm146.4-194.3c0 14.9-12 26.8-26.8 26.8-14.9 0-26.8-12-26.8-26.8s12-26.8 26.8-26.8 26.8 12 26.8 26.8zm76.1 27.2c-1.7-35.9-9.9-67.7-36.2-93.9-26.2-26.2-58-34.4-93.9-36.2-37-2.1-147.9-2.1-184.9 0-35.8 1.7-67.6 9.9-93.9 36.1s-34.4 58-36.2 93.9c-2.1 37-2.1 147.9 0 184.9 1.7 35.9 9.9 67.7 36.2 93.9s58 34.4 93.9 36.2c37 2.1 147.9 2.1 184.9 0 35.9-1.7 67.7-9.9 93.9-36.2 26.2-26.2 34.4-58 36.2-93.9 2.1-37 2.1-147.8 0-184.8zM398.8 388c-7.8 19.6-22.9 34.7-42.6 42.6-29.5 11.7-99.5 9-132.1 9s-102.7 2.6-132.1-9c-19.6-7.8-34.7-22.9-42.6-42.6-11.7-29.5-9-99.5-9-132.1s-2.6-102.7 9-132.1c7.8-19.6 22.9-34.7 42.6-42.6 29.5-11.7 99.5-9 132.1-9s102.7-2.6 132.1 9c19.6 7.8 34.7 22.9 42.6 42.6 11.7 29.5 9 99.5 9 132.1s2.7 102.7-9 132.1z\"><\/path><\/svg>\t\t\t\t\t<\/a>\n\t\t\t\t<\/span>\n\t\t\t\t\t\t\t<span class=\"elementor-grid-item\" role=\"listitem\">\n\t\t\t\t\t<a class=\"elementor-icon elementor-social-icon elementor-social-icon-facebook elementor-animation-grow elementor-repeater-item-dadcbb1\" target=\"_blank\">\n\t\t\t\t\t\t<span class=\"elementor-screen-only\">Facebook<\/span>\n\t\t\t\t\t\t<svg aria-hidden=\"true\" class=\"e-font-icon-svg e-fab-facebook\" viewBox=\"0 0 512 512\" xmlns=\"http:\/\/www.w3.org\/2000\/svg\"><path d=\"M504 256C504 119 393 8 256 8S8 119 8 256c0 123.78 90.69 226.38 209.25 245V327.69h-63V256h63v-54.64c0-62.15 37-96.48 93.67-96.48 27.14 0 55.52 4.84 55.52 4.84v61h-31.28c-30.8 0-40.41 19.12-40.41 38.73V256h68.78l-11 71.69h-57.78V501C413.31 482.38 504 379.78 504 256z\"><\/path><\/svg>\t\t\t\t\t<\/a>\n\t\t\t\t<\/span>\n\t\t\t\t\t\t\t<span class=\"elementor-grid-item\" role=\"listitem\">\n\t\t\t\t\t<a class=\"elementor-icon elementor-social-icon elementor-social-icon-youtube elementor-animation-grow elementor-repeater-item-6273042\" target=\"_blank\">\n\t\t\t\t\t\t<span class=\"elementor-screen-only\">Youtube<\/span>\n\t\t\t\t\t\t<svg aria-hidden=\"true\" class=\"e-font-icon-svg e-fab-youtube\" viewBox=\"0 0 576 512\" xmlns=\"http:\/\/www.w3.org\/2000\/svg\"><path d=\"M549.655 124.083c-6.281-23.65-24.787-42.276-48.284-48.597C458.781 64 288 64 288 64S117.22 64 74.629 75.486c-23.497 6.322-42.003 24.947-48.284 48.597-11.412 42.867-11.412 132.305-11.412 132.305s0 89.438 11.412 132.305c6.281 23.65 24.787 41.5 48.284 47.821C117.22 448 288 448 288 448s170.78 0 213.371-11.486c23.497-6.321 42.003-24.171 48.284-47.821 11.412-42.867 11.412-132.305 11.412-132.305s0-89.438-11.412-132.305zm-317.51 213.508V175.185l142.739 81.205-142.739 81.201z\"><\/path><\/svg>\t\t\t\t\t<\/a>\n\t\t\t\t<\/span>\n\t\t\t\t\t<\/div>\n\t\t\t\t\t\t<\/div>\n\t\t\t\t<\/div>\n\t\t<div class=\"elementor-element elementor-element-8def4a4 e-con-full e-flex wpr-particle-no wpr-jarallax-no wpr-parallax-no wpr-sticky-section-no e-con e-child\" data-id=\"8def4a4\" data-element_type=\"container\">\n\t\t\t\t<\/div>\n\t\t\t\t\t<\/div>\n\t\t\t\t<\/div>\n\t\t<div class=\"elementor-element elementor-element-51458e1 e-flex e-con-boxed wpr-particle-no wpr-jarallax-no wpr-parallax-no wpr-sticky-section-no e-con e-parent\" data-id=\"51458e1\" data-element_type=\"container\">\n\t\t\t\t\t<div class=\"e-con-inner\">\n\t\t\t\t<div class=\"elementor-element elementor-element-1a3342d elementor-widget elementor-widget-heading\" data-id=\"1a3342d\" data-element_type=\"widget\" data-widget_type=\"heading.default\">\n\t\t\t\t\t<h2 class=\"elementor-heading-title elementor-size-default\">TRANSFORME SUA BELEZA:<\/h2>\t\t\t\t<\/div>\n\t\t\t\t<div class=\"elementor-element elementor-element-03b1a00 elementor-widget elementor-widget-heading\" data-id=\"03b1a00\" data-element_type=\"widget\" data-widget_type=\"heading.default\">\n\t\t\t\t\t<h2 class=\"elementor-heading-title elementor-size-default\">Veja o que te espera na live\n<\/h2>\t\t\t\t<\/div>\n\t\t<div class=\"elementor-element elementor-element-2564302 e-con-full e-flex wpr-particle-no wpr-jarallax-no wpr-parallax-no wpr-sticky-section-no e-con e-child\" data-id=\"2564302\" data-element_type=\"container\">\n\t\t\t\t<div class=\"elementor-element elementor-element-34ae511 elementor-view-default elementor-position-top elementor-mobile-position-top elementor-invisible elementor-widget elementor-widget-icon-box\" data-id=\"34ae511\" data-element_type=\"widget\" data-settings=\"{&quot;_animation&quot;:&quot;bounceIn&quot;}\" data-widget_type=\"icon-box.default\">\n\t\t\t\t\t\t\t<div class=\"elementor-icon-box-wrapper\">\n\n\t\t\t\t\t\t<div class=\"elementor-icon-box-icon\">\n\t\t\t\t<span  class=\"elementor-icon\">\n\t\t\t\t<svg xmlns=\"http:\/\/www.w3.org\/2000\/svg\" height=\"487pt\" viewBox=\"-29 0 487 487.71902\" width=\"487pt\"><path d=\"m220.867188 266.175781c-.902344-.195312-1.828126-.230469-2.742188-.09375-9.160156-1.066406-16.070312-8.816406-16.085938-18.035156 0-4.417969-3.582031-8-8-8-4.417968 0-8 3.582031-8 8 .023438 15.394531 10.320313 28.878906 25.164063 32.953125v8c0 4.417969 3.582031 8 8 8s8-3.582031 8-8v-7.515625c17.132813-3.585937 28.777344-19.542969 26.976563-36.953125-1.804688-17.410156-16.472657-30.640625-33.976563-30.644531-10.03125 0-18.164063-8.132813-18.164063-18.164063s8.132813-18.164062 18.164063-18.164062 18.164063 8.132812 18.164063 18.164062c0 4.417969 3.582031 8 8 8 4.417968 0 8-3.582031 8-8-.023438-16.164062-11.347657-30.105468-27.164063-33.441406v-7.28125c0-4.417969-3.582031-8-8-8s-8 3.582031-8 8v7.769531c-16.507813 4.507813-27.132813 20.535157-24.859375 37.496094s16.746094 29.621094 33.859375 29.617187c9.898437 0 17.972656 7.925782 18.152344 17.820313.183593 9.894531-7.597657 18.113281-17.488281 18.472656zm0 0\"><\/path><path d=\"m104.195312 222.5c0 64.070312 51.9375 116.007812 116.007813 116.007812s116.007813-51.9375 116.007813-116.007812-51.9375-116.007812-116.007813-116.007812c-64.039063.070312-115.933594 51.96875-116.007813 116.007812zm116.007813-100.007812c55.234375 0 100.007813 44.773437 100.007813 100.007812s-44.773438 100.007812-100.007813 100.007812-100.007813-44.773437-100.007813-100.007812c.0625-55.207031 44.800782-99.945312 100.007813-100.007812zm0 0\"><\/path><path d=\"m375.648438 358.230469-62.667969 29.609375c-8.652344-16.09375-25.25-26.335938-43.515625-26.851563l-57.851563-1.589843c-9.160156-.261719-18.148437-2.582032-26.292969-6.789063l-5.886718-3.050781c-30.140625-15.710938-66.066406-15.671875-96.175782.101562l.367188-13.335937c.121094-4.417969-3.359375-8.097657-7.777344-8.21875l-63.4375-1.746094c-4.417968-.121094-8.09375 3.359375-8.214844 7.777344l-3.832031 139.210937c-.121093 4.417969 3.359375 8.097656 7.777344 8.21875l63.4375 1.746094h.21875c4.335937 0 7.882813-3.449219 8-7.78125l.183594-6.660156 16.480469-8.824219c6.46875-3.480469 14.03125-4.308594 21.097656-2.308594l98.414062 27.621094c.171875.050781.34375.089844.519532.128906 7.113281 1.488281 14.363281 2.234375 21.628906 2.230469 15.390625.007812 30.601562-3.308594 44.589844-9.730469.34375-.15625.675781-.339843.992187-.546875l142.691406-92.296875c3.554688-2.300781 4.703125-6.96875 2.621094-10.65625-10.59375-18.796875-34.089844-25.957031-53.367187-16.257812zm-359.070313 107.5625 3.390625-123.21875 47.441406 1.304687-3.390625 123.222656zm258.925781-2.09375c-17.378906 7.84375-36.789062 10.007812-55.46875 6.191406l-98.148437-27.550781c-11.046875-3.121094-22.871094-1.828125-32.976563 3.605468l-8.421875 4.511719 2.253907-81.925781c26.6875-17.75 60.914062-19.574219 89.335937-4.765625l5.886719 3.050781c10.289062 5.3125 21.636718 8.242188 33.210937 8.578125l57.855469 1.589844c16.25.46875 30.050781 12.039063 33.347656 27.960937l-86.175781-2.378906c-4.417969-.121094-8.09375 3.363282-8.21875 7.777344-.121094 4.417969 3.363281 8.097656 7.777344 8.21875l95.101562 2.617188h.222657c4.332031-.003907 7.875-3.453126 7.992187-7.78125.097656-3.476563-.160156-6.957032-.773437-10.378907l64.277343-30.371093c.0625-.027344.125-.058594.1875-.089844 9.117188-4.613282 20.140625-3.070313 27.640625 3.871094zm0 0\"><\/path><path d=\"m228.203125 84v-76c0-4.417969-3.582031-8-8-8s-8 3.582031-8 8v76c0 4.417969 3.582031 8 8 8s8-3.582031 8-8zm0 0\"><\/path><path d=\"m288.203125 84v-36c0-4.417969-3.582031-8-8-8s-8 3.582031-8 8v36c0 4.417969 3.582031 8 8 8s8-3.582031 8-8zm0 0\"><\/path><path d=\"m168.203125 84v-36c0-4.417969-3.582031-8-8-8s-8 3.582031-8 8v36c0 4.417969 3.582031 8 8 8s8-3.582031 8-8zm0 0\"><\/path><\/svg>\t\t\t\t<\/span>\n\t\t\t<\/div>\n\t\t\t\n\t\t\t\t\t\t<div class=\"elementor-icon-box-content\">\n\n\t\t\t\t\t\t\t\t\t<h3 class=\"elementor-icon-box-title\">\n\t\t\t\t\t\t<span  >\n\t\t\t\t\t\t\tMAQUIAGEM\t\t\t\t\t\t<\/span>\n\t\t\t\t\t<\/h3>\n\t\t\t\t\n\t\t\t\t\t\t\t\t\t<p class=\"elementor-icon-box-description\">\n\t\t\t\t\t\tLorem ipsum dolor sit amet, consectetur adipiscing elit. Ut elit tellus, luctus nec ullamcorper mattis, pulvinar dapibus leo.\n\t\t\t\t\t<\/p>\n\t\t\t\t\n\t\t\t<\/div>\n\t\t\t\n\t\t<\/div>\n\t\t\t\t\t\t<\/div>\n\t\t\t\t<div class=\"elementor-element elementor-element-ed29b9c elementor-view-default elementor-position-top elementor-mobile-position-top elementor-invisible elementor-widget elementor-widget-icon-box\" data-id=\"ed29b9c\" data-element_type=\"widget\" data-settings=\"{&quot;_animation&quot;:&quot;bounceIn&quot;}\" data-widget_type=\"icon-box.default\">\n\t\t\t\t\t\t\t<div class=\"elementor-icon-box-wrapper\">\n\n\t\t\t\t\t\t<div class=\"elementor-icon-box-icon\">\n\t\t\t\t<span  class=\"elementor-icon\">\n\t\t\t\t<svg xmlns=\"http:\/\/www.w3.org\/2000\/svg\" xmlns:xlink=\"http:\/\/www.w3.org\/1999\/xlink\" id=\"Capa_1\" x=\"0px\" y=\"0px\" viewBox=\"0 0 512 512\" style=\"enable-background:new 0 0 512 512;\" xml:space=\"preserve\"><g>\t<g>\t\t<path d=\"M420.716,297.467c-1.249-9.935-6.814-14.182-11.265-15.995c-6.799-2.772-19.437-4.097-51.071,14.588   c2.877-11.921,1.744-24.753-3.796-36.274c10.905-13.613,23.343-32.327,21.606-46.221c-1.257-10.055-6.873-14.341-11.365-16.166   c-25.623-10.418-83.822,36.339-105.472,53.646c0.71-7.491-0.284-15.173-3.11-22.427c10.633-13.011,23.608-31.805,21.876-45.664   c-1.275-10.202-7.43-14.149-10.986-15.595c-14.487-5.89-37.978,7.069-54.385,17.329c-24.73,15.463-24.09,16.119-194.655,152.984   C6.595,346.9,0,360.649,0,375.392c0,16.181,0,90.44,0,106.878C0,498.663,13.337,512,29.73,512H45.8c4.143,0,7.5-3.357,7.5-7.5   c0-4.143-3.357-7.5-7.5-7.5H29.73c-8.121,0-14.729-6.607-14.729-14.729v-15.909l209.291-167.94   c6.434,36.15,46.878,37.856,70.027,20.886c14.526-10.662,35.649-31.529,49.185-46.56c4.113,14.813-0.775,31.201-13.283,41.237   c-0.135,0.108-31.247,25.071-228.135,183.015H80.802c-4.143,0-7.5,3.357-7.5,7.5s3.357,7.5,7.5,7.5c34.695,0,124.242,0,158.935,0   c13.874,0,27.475-4.782,38.296-13.466l52.622-42.227c3.23-2.593,3.748-7.313,1.155-10.545c-2.593-3.23-7.313-3.747-10.545-1.155   l-52.621,42.227c-8.169,6.555-18.436,10.165-28.908,10.165H126.115l144.038-115.58c1.319,7.159,3.735,12.569,6.439,16.408   c11.281,16.056,37.696,18.112,56.731,7.888c11.49-6.178,33.133-27.11,42.176-36.269c4.228,15.312-0.861,32.335-13.706,42.642   l-13.228,10.615c-3.23,2.593-3.747,7.313-1.155,10.545c2.592,3.229,7.312,3.746,10.545,1.155l13.227-10.615   c19.881-15.953,26.176-43.668,15.816-66.464C396.07,347.347,423.224,317.417,420.716,297.467z M220.806,197.342   c30.11-18.81,39.17-16.701,40.679-16.085c0.411,0.167,1.373,0.558,1.748,3.559c2.397,19.155-56.869,76.662-73.057,87.372   c-13.844,8.94-31.739,6.638-37.536-1.234c-4.228-5.737-4.303-14.226-4.658-18.274   C179.583,227.373,197.139,212.126,220.806,197.342z M226.211,277.64c-12.562,10.062-199.256,159.592-211.21,169.166v-71.414   c0-10.171,4.549-19.653,12.481-26.019l106.567-85.512c2.785,14.584,10.004,22.222,20.62,26.337   c9.895,3.835,22.179,4.108,33.847-0.365c16.169-6.202,44.232-34.921,55.823-47.571   C247.182,265.563,227.851,275.629,226.211,277.64z M285.559,307.129c-15.235,11.226-36.826,9.193-43.142-1.497   c-3.014-5.098-4.059-12.557-4.113-18.454c32.264-25.962,52.332-43.164,77.362-58.801c32.094-20.05,41.875-17.745,43.512-17.081   c0.551,0.224,1.697,0.691,2.127,4.129C363.893,236.128,302.761,294.486,285.559,307.129z M328.907,390.906   c-12.437,7.997-33.589,8.893-40.618-2.595c-3.201-5.275-4.071-13.095-4.156-18.111c40.472-32.333,52.695-43.183,76.603-58.032   c31.782-19.74,41.442-17.464,43.056-16.805c0.527,0.215,1.626,0.663,2.042,3.975C408.427,319.991,344.715,380.666,328.907,390.906   z\"><\/path>\t<\/g><\/g><g>\t<g>\t\t<path d=\"M504.5,40.452c4.143,0,7.5-3.357,7.5-7.5V20.155C512,9.042,502.958,0,491.845,0h-69.616   c-11.114,0-20.155,9.042-20.155,20.155v47.642c0,10.055,6.753,19.002,16.422,21.759l15.75,4.491v62.085   c0,4.555,1.411,8.786,3.815,12.283c-1.027,17.601-6.457,54.804-33.161,77.093c-7.277,6.072-7.187,17.324,0.157,23.375   c12.903,9.505,17.023,17.165,27.743,17.165c7.262,0,13.959-4.003,17.29-10.636c8.018-15.974,21.465-50.716,22.606-105.398   c3.135-3.768,5.024-8.609,5.024-13.882v-49.688c3.483,0.252,14.746,7.381,26.041-1.142c5.236-3.951,8.24-9.981,8.24-16.541V67.954   c0-4.142-3.357-7.5-7.5-7.5s-7.5,3.357-7.5,7.5v20.807c0,1.812-0.829,3.477-2.275,4.567c-3.813,2.881-6.491-0.14-22.447-4.036   c-9.724-2.773-39.722-11.327-49.668-14.163c-3.259-0.929-5.534-3.944-5.534-7.332V20.155c0-2.794,2.36-5.154,5.154-5.154h69.616   c2.794,0,5.154,2.36,5.154,5.154v12.797C496.999,37.095,500.356,40.452,504.5,40.452z M436.682,268.682   c-1.239,2.465-4.467,3.139-6.62,1.364l-15.469-12.742c-0.141-0.116-0.091-0.275-0.083-0.28   c23.219-19.379,34.56-49.391,37.835-79.454c1.672,0.279,3.442,0.362,5.094,0.251C455.312,224.853,443.734,254.635,436.682,268.682   z M449.244,98.325l13.474,3.842v53.965c0,2.028-0.905,3.846-2.328,5.081c-4.469,3.803-11.146,0.601-11.146-5.081V98.325z\"><\/path>\t<\/g><\/g><g><\/g><g><\/g><g><\/g><g><\/g><g><\/g><g><\/g><g><\/g><g><\/g><g><\/g><g><\/g><g><\/g><g><\/g><g><\/g><g><\/g><g><\/g><\/svg>\t\t\t\t<\/span>\n\t\t\t<\/div>\n\t\t\t\n\t\t\t\t\t\t<div class=\"elementor-icon-box-content\">\n\n\t\t\t\t\t\t\t\t\t<h3 class=\"elementor-icon-box-title\">\n\t\t\t\t\t\t<span  >\n\t\t\t\t\t\t\tBELEZA DAS UNHAS\t\t\t\t\t\t<\/span>\n\t\t\t\t\t<\/h3>\n\t\t\t\t\n\t\t\t\t\t\t\t\t\t<p class=\"elementor-icon-box-description\">\n\t\t\t\t\t\tLorem ipsum dolor sit amet, consectetur adipiscing elit. Ut elit tellus, luctus nec ullamcorper mattis, pulvinar dapibus leo.\t\t\t\t\t<\/p>\n\t\t\t\t\n\t\t\t<\/div>\n\t\t\t\n\t\t<\/div>\n\t\t\t\t\t\t<\/div>\n\t\t\t\t<div class=\"elementor-element elementor-element-4c2e823 elementor-view-default elementor-position-top elementor-mobile-position-top elementor-invisible elementor-widget elementor-widget-icon-box\" data-id=\"4c2e823\" data-element_type=\"widget\" data-settings=\"{&quot;_animation&quot;:&quot;bounceIn&quot;}\" data-widget_type=\"icon-box.default\">\n\t\t\t\t\t\t\t<div class=\"elementor-icon-box-wrapper\">\n\n\t\t\t\t\t\t<div class=\"elementor-icon-box-icon\">\n\t\t\t\t<span  class=\"elementor-icon\">\n\t\t\t\t<svg xmlns=\"http:\/\/www.w3.org\/2000\/svg\" height=\"512pt\" viewBox=\"-16 0 512 512\" width=\"512pt\"><path d=\"m410 80c5.523438 0 10-4.476562 10-10v-60c0-5.394531-4.410156-10-10-10h-60c-5.523438 0-10 4.476562-10 10s4.476562 10 10 10h37.734375l-25.617187 28.824219c-74.109376 83.363281-180.582032 131.175781-292.117188 131.175781-5.523438 0-10 4.476562-10 10s4.476562 10 10 10c117.242188 0 229.164062-50.257812 307.0625-137.886719l22.9375-25.808593v33.695312c0 5.523438 4.476562 10 10 10zm0 0\"><\/path><path d=\"m470 492h-10v-362c0-5.523438-4.476562-10-10-10h-60c-5.523438 0-10 4.476562-10 10v362h-40v-282c0-5.523438-4.476562-10-10-10h-60c-5.523438 0-10 4.476562-10 10v282h-40v-222c0-5.523438-4.476562-10-10-10h-60c-5.523438 0-10 4.476562-10 10v222h-40v-162c0-5.523438-4.476562-10-10-10h-60c-5.523438 0-10 4.476562-10 10v162h-10c-5.523438 0-10 4.476562-10 10s4.476562 10 10 10h460c5.523438 0 10-4.476562 10-10s-4.476562-10-10-10zm-70-352h40v352h-40zm-120 80h40v272h-40zm-120 60h40v212h-40zm-120 60h40v152h-40zm0 0\"><\/path><\/svg>\t\t\t\t<\/span>\n\t\t\t<\/div>\n\t\t\t\n\t\t\t\t\t\t<div class=\"elementor-icon-box-content\">\n\n\t\t\t\t\t\t\t\t\t<h3 class=\"elementor-icon-box-title\">\n\t\t\t\t\t\t<span  >\n\t\t\t\t\t\t\tTRANSFORMA\u00c7\u00c3O CAPILAR\t\t\t\t\t\t<\/span>\n\t\t\t\t\t<\/h3>\n\t\t\t\t\n\t\t\t\t\t\t\t\t\t<p class=\"elementor-icon-box-description\">\n\t\t\t\t\t\tLorem ipsum dolor sit amet, consectetur adipiscing elit. Ut elit tellus, luctus nec ullamcorper mattis, pulvinar dapibus leo.\t\t\t\t\t<\/p>\n\t\t\t\t\n\t\t\t<\/div>\n\t\t\t\n\t\t<\/div>\n\t\t\t\t\t\t<\/div>\n\t\t\t\t<\/div>\n\t\t\t\t<div class=\"elementor-element elementor-element-c40af11 elementor-align-center elementor-invisible elementor-widget elementor-widget-button\" data-id=\"c40af11\" data-element_type=\"widget\" data-settings=\"{&quot;_animation&quot;:&quot;bounceIn&quot;}\" data-widget_type=\"button.default\">\n\t\t\t\t\t\t\t\t\t\t<a class=\"elementor-button elementor-button-link elementor-size-sm\" href=\"#\">\n\t\t\t\t\t\t<span class=\"elementor-button-content-wrapper\">\n\t\t\t\t\t\t\t\t\t<span class=\"elementor-button-text\">AGENDE SUA TRANSFORMA\u00c7\u00c3O<\/span>\n\t\t\t\t\t<\/span>\n\t\t\t\t\t<\/a>\n\t\t\t\t\t\t\t\t<\/div>\n\t\t\t\t\t<\/div>\n\t\t\t\t<\/div>\n\t\t<div class=\"elementor-element elementor-element-5ce8a68 e-flex e-con-boxed wpr-particle-no wpr-jarallax-no wpr-parallax-no wpr-sticky-section-no e-con e-parent\" data-id=\"5ce8a68\" data-element_type=\"container\" data-settings=\"{&quot;background_background&quot;:&quot;classic&quot;}\">\n\t\t\t\t\t<div class=\"e-con-inner\">\n\t\t<div class=\"elementor-element elementor-element-1d69b9f e-con-full e-flex wpr-particle-no wpr-jarallax-no wpr-parallax-no wpr-sticky-section-no e-con e-child\" data-id=\"1d69b9f\" data-element_type=\"container\">\n\t\t\t\t<div class=\"elementor-element elementor-element-a086c24 elementor-widget elementor-widget-heading\" data-id=\"a086c24\" data-element_type=\"widget\" data-widget_type=\"heading.default\">\n\t\t\t\t\t<h2 class=\"elementor-heading-title elementor-size-default\">CONHE\u00c7A NOSSA TRAJET\u00d3RIA<\/h2>\t\t\t\t<\/div>\n\t\t\t\t<div class=\"elementor-element elementor-element-e2746cf elementor-widget elementor-widget-text-editor\" data-id=\"e2746cf\" data-element_type=\"widget\" data-widget_type=\"text-editor.default\">\n\t\t\t\t\t\t\t\t\t<p>Trabalho no mercado de unhas a oito anos , iniciei minha carreira atendendo clientes na garagem de casa.<\/p><p>J\u00e1 ministrei cursos para mais de 5 mil alunas ensinando t\u00e9cnicas b\u00e1sicas a avan\u00e7adas que garantem renda m\u00e9dia de R$ 400 por dia e mais de R$ 10 mil por m\u00eas.<\/p><p>Conhe\u00e7o as dificuldades de aumentar a renda como manicure, procurei me capacitar, inclusive fora do Brasil com t\u00e9cnicas internacionais, para ampliar minha atua\u00e7\u00e3o no universo das unhas e assim conquistar minha independ\u00eancia financeira.<\/p><p>Hoje meu maior objetivo \u00e9 levar minha experi\u00eancia adquirida nos \u00faltimos anos para outras pessoas, para que elas possam ampliar seus horizontes, oferecer novos servi\u00e7os e assim ampliar sua renda.<\/p>\t\t\t\t\t\t\t\t<\/div>\n\t\t\t\t<\/div>\n\t\t<div class=\"elementor-element elementor-element-b02c87e e-con-full e-flex wpr-particle-no wpr-jarallax-no wpr-parallax-no wpr-sticky-section-no e-con e-child\" data-id=\"b02c87e\" data-element_type=\"container\">\n\t\t\t\t<div class=\"elementor-element elementor-element-c18eee2 elementor-widget elementor-widget-image\" data-id=\"c18eee2\" data-element_type=\"widget\" data-widget_type=\"image.default\">\n\t\t\t\t\t\t\t\t\t\t\t\t\t\t\t<img decoding=\"async\" width=\"600\" height=\"839\" src=\"https:\/\/codematte.com\/beautyandnails\/wp-content\/uploads\/2025\/11\/qm.png\" class=\"attachment-full size-full wp-image-111\" alt=\"\" srcset=\"https:\/\/codematte.com\/beautyandnails\/wp-content\/uploads\/2025\/11\/qm.png 600w, https:\/\/codematte.com\/beautyandnails\/wp-content\/uploads\/2025\/11\/qm-215x300.png 215w\" sizes=\"(max-width: 600px) 100vw, 600px\" \/>\t\t\t\t\t\t\t\t\t\t\t\t\t\t\t<\/div>\n\t\t\t\t<\/div>\n\t\t\t\t\t<\/div>\n\t\t\t\t<\/div>\n\t\t<div class=\"elementor-element elementor-element-c51afa4 e-flex e-con-boxed wpr-particle-no wpr-jarallax-no wpr-parallax-no wpr-sticky-section-no e-con e-parent\" data-id=\"c51afa4\" data-element_type=\"container\" data-settings=\"{&quot;background_background&quot;:&quot;classic&quot;}\">\n\t\t\t\t\t<div class=\"e-con-inner\">\n\t\t\t\t<div class=\"elementor-element elementor-element-bbdd067 elementor-widget elementor-widget-heading\" data-id=\"bbdd067\" data-element_type=\"widget\" data-widget_type=\"heading.default\">\n\t\t\t\t\t<h2 class=\"elementor-heading-title elementor-size-default\">NAIL DESIGN - COPYRIGHT \u00a9 2022 - TODOS OS DIREITOS RESERVADOS<\/h2>\t\t\t\t<\/div>\n\t\t\t\t\t<\/div>\n\t\t\t\t<\/div>\n\t\t\t\t<\/div>\n\t\t","protected":false},"excerpt":{"rendered":"<p>VOC\u00ca SAIR\u00c1 TRANFORMADA POR PROFISSIONAIS QUE TE ENTENDE Voc\u00ea merece muito mais invista em voc\u00ea e saia uma diva! Instagram Facebook Youtube TRANSFORME SUA BELEZA: Veja o que te espera na live MAQUIAGEM Lorem ipsum dolor sit amet, consectetur adipiscing elit. Ut elit tellus, luctus nec ullamcorper mattis, pulvinar dapibus leo. BELEZA DAS UNHAS Lorem ipsum dolor sit amet, consectetur adipiscing elit. Ut elit tellus, luctus nec ullamcorper mattis, pulvinar dapibus leo. TRANSFORMA\u00c7\u00c3O CAPILAR Lorem ipsum dolor sit amet, consectetur adipiscing elit. Ut elit tellus, luctus nec ullamcorper mattis, pulvinar dapibus leo. AGENDE SUA TRANSFORMA\u00c7\u00c3O CONHE\u00c7A NOSSA TRAJET\u00d3RIA Trabalho no mercado de unhas a oito anos , iniciei minha carreira atendendo clientes na garagem de casa. J\u00e1 ministrei cursos para mais de 5 mil alunas ensinando t\u00e9cnicas b\u00e1sicas a avan\u00e7adas que garantem renda m\u00e9dia de R$ 400 por dia e mais de R$ 10 mil por m\u00eas. Conhe\u00e7o as dificuldades de aumentar a renda como manicure, procurei me capacitar, inclusive fora do Brasil com t\u00e9cnicas internacionais, para ampliar minha atua\u00e7\u00e3o no universo das unhas e assim conquistar minha independ\u00eancia financeira. Hoje meu maior objetivo \u00e9 levar minha experi\u00eancia adquirida nos \u00faltimos anos para outras pessoas, para que elas possam ampliar seus horizontes, oferecer novos servi\u00e7os e assim ampliar sua renda. NAIL DESIGN &#8211; COPYRIGHT \u00a9 2022 &#8211; TODOS OS DIREITOS RESERVADOS<\/p>\n","protected":false},"author":1,"featured_media":0,"parent":0,"menu_order":0,"comment_status":"closed","ping_status":"closed","template":"elementor_canvas","meta":{"_joinchat":[],"footnotes":""},"class_list":["post-7","page","type-page","status-publish","hentry"],"_hostinger_reach_plugin_has_subscription_block":false,"_hostinger_reach_plugin_is_elementor":false,"_links":{"self":[{"href":"https:\/\/codematte.com\/beautyandnails\/wp-json\/wp\/v2\/pages\/7","targetHints":{"allow":["GET"]}}],"collection":[{"href":"https:\/\/codematte.com\/beautyandnails\/wp-json\/wp\/v2\/pages"}],"about":[{"href":"https:\/\/codematte.com\/beautyandnails\/wp-json\/wp\/v2\/types\/page"}],"author":[{"embeddable":true,"href":"https:\/\/codematte.com\/beautyandnails\/wp-json\/wp\/v2\/users\/1"}],"replies":[{"embeddable":true,"href":"https:\/\/codematte.com\/beautyandnails\/wp-json\/wp\/v2\/comments?post=7"}],"version-history":[{"count":190,"href":"https:\/\/codematte.com\/beautyandnails\/wp-json\/wp\/v2\/pages\/7\/revisions"}],"predecessor-version":[{"id":234,"href":"https:\/\/codematte.com\/beautyandnails\/wp-json\/wp\/v2\/pages\/7\/revisions\/234"}],"wp:attachment":[{"href":"https:\/\/codematte.com\/beautyandnails\/wp-json\/wp\/v2\/media?parent=7"}],"curies":[{"name":"wp","href":"https:\/\/api.w.org\/{rel}","templated":true}]}}