{"id":16,"date":"2025-11-07T01:10:42","date_gmt":"2025-11-07T01:10:42","guid":{"rendered":"https:\/\/codematte.com\/arquiteturahome\/?page_id=16"},"modified":"2025-11-12T23:44:56","modified_gmt":"2025-11-12T23:44:56","slug":"sobre-nos","status":"publish","type":"page","link":"https:\/\/codematte.com\/padaria\/sobre-nos\/","title":{"rendered":"Sobre N\u00f3s"},"content":{"rendered":"\t\t<div data-elementor-type=\"wp-page\" data-elementor-id=\"16\" class=\"elementor elementor-16\">\n\t\t\t\t<div class=\"elementor-element elementor-element-d3698b8 e-flex e-con-boxed wpr-particle-no wpr-jarallax-no wpr-parallax-no wpr-sticky-section-no e-con e-parent\" data-id=\"d3698b8\" data-element_type=\"container\">\n\t\t\t\t\t<div class=\"e-con-inner\">\n\t\t<div class=\"elementor-element elementor-element-dda1827 e-con-full e-flex wpr-particle-no wpr-jarallax-no wpr-parallax-no wpr-sticky-section-no e-con e-child\" data-id=\"dda1827\" data-element_type=\"container\">\n\t\t\t\t<div class=\"elementor-element elementor-element-a221293 elementor-widget elementor-widget-heading\" data-id=\"a221293\" data-element_type=\"widget\" data-widget_type=\"heading.default\">\n\t\t\t\t\t<h2 class=\"elementor-heading-title elementor-size-default\">Sobre N\u00f3s<\/h2>\t\t\t\t<\/div>\n\t\t\t\t<div class=\"elementor-element elementor-element-dc88514 elementor-widget elementor-widget-text-editor\" data-id=\"dc88514\" data-element_type=\"widget\" data-widget_type=\"text-editor.default\">\n\t\t\t\t\t\t\t\t\t<p><strong>Lorem ipsum dolor sit amet\u00a0<\/strong>. Os operadores gr\u00e1ficos e tipogr\u00e1ficos sabem disso bem, na realidade, todas as profiss\u00f5es que lidam com o universo da comunica\u00e7\u00e3o t\u00eam um relacionamento est\u00e1vel com essas palavras, mas o que \u00e9?\u00a0<strong>Lorem ipsum\u00a0<\/strong>\u00e9 um\u00a0<strong>texto fofo\u00a0<\/strong>sem qualquer sentido.<\/p><p>\u00c9 uma seq\u00fc\u00eancia de\u00a0<strong>palavras latinas\u00a0<\/strong>que, como est\u00e3o posicionadas, n\u00e3o formem frases com um sentido completo, mas d\u00e3o vida a um texto de teste \u00fatil para preencher espa\u00e7os que ir\u00e3o Posteriormente ser\u00e3o ocupados a partir de textos ad hoc compostos por profissionais de comunica\u00e7\u00e3o.<\/p><p>\u00c9 certamente o texto de marcador de posi\u00e7\u00e3o\u00a0<strong>mais famoso\u00a0<\/strong>, mesmo que existam diferentes vers\u00f5es distingu\u00edveis da ordem em que as palavras latinas s\u00e3o repetidas.<\/p><p>Lorem ipsum cont\u00e9m as\u00a0<strong>tipos de letra\u00a0<\/strong>mais em uso, um aspecto que permite que voc\u00ea tenha uma vis\u00e3o geral da renderiza\u00e7\u00e3o do texto em termos de\u00a0<strong>escolha da fonte\u00a0<\/strong>e\u00a0<strong>tamanho da fonte\u00a0<\/strong>.<\/p><p>Ao se referir a Lorem ipsum, diferentes express\u00f5es s\u00e3o usadas, nomeadamente\u00a0<strong>texto de preenchimento\u00a0<\/strong>,\u00a0<strong>texto fict\u00edcio\u00a0<\/strong>,\u00a0<strong>texto cego\u00a0<\/strong>ou\u00a0<strong>texto do espa\u00e7o reservado<\/strong>: em suma, seu significado tamb\u00e9m pode ser zero, mas sua utilidade \u00e9 t\u00e3o clara quanto ao longo dos s\u00e9culos e resiste \u00e0s vers\u00f5es ir\u00f4nicas e modernas que vieram com a chegada da web.<\/p>\t\t\t\t\t\t\t\t<\/div>\n\t\t\t\t<\/div>\n\t\t<div class=\"elementor-element elementor-element-fb0b71d e-con-full e-flex wpr-particle-no wpr-jarallax-no wpr-parallax-no wpr-sticky-section-no e-con e-child\" data-id=\"fb0b71d\" data-element_type=\"container\">\n\t\t\t\t<div class=\"elementor-element elementor-element-e554db1 elementor-widget elementor-widget-heading\" data-id=\"e554db1\" data-element_type=\"widget\" data-widget_type=\"heading.default\">\n\t\t\t\t\t<h2 class=\"elementor-heading-title elementor-size-default\">Massas e Salgados<\/h2>\t\t\t\t<\/div>\n\t\t\t\t<div class=\"elementor-element elementor-element-fa91b99 elementor-widget elementor-widget-image\" data-id=\"fa91b99\" data-element_type=\"widget\" data-widget_type=\"image.default\">\n\t\t\t\t\t\t\t\t\t\t\t\t\t\t\t<img decoding=\"async\" src=\"https:\/\/codematte.com\/padaria\/wp-content\/uploads\/elementor\/thumbs\/banner-rem9nv83ldixc8zqrv6gssdi855kzlgf7m3oil9ftc.jpg\" title=\"banner\" alt=\"banner\" loading=\"lazy\" \/>\t\t\t\t\t\t\t\t\t\t\t\t\t\t\t<\/div>\n\t\t\t\t<\/div>\n\t\t\t\t\t<\/div>\n\t\t\t\t<\/div>\n\t\t\t\t<\/div>\n\t\t","protected":false},"excerpt":{"rendered":"<p>Sobre N\u00f3s Lorem ipsum dolor sit amet\u00a0. Os operadores gr\u00e1ficos e tipogr\u00e1ficos sabem disso bem, na realidade, todas as profiss\u00f5es que lidam com o universo da comunica\u00e7\u00e3o t\u00eam um relacionamento est\u00e1vel com essas palavras, mas o que \u00e9?\u00a0Lorem ipsum\u00a0\u00e9 um\u00a0texto fofo\u00a0sem qualquer sentido. \u00c9 uma seq\u00fc\u00eancia de\u00a0palavras latinas\u00a0que, como est\u00e3o posicionadas, n\u00e3o formem frases com um sentido completo, mas d\u00e3o vida a um texto de teste \u00fatil para preencher espa\u00e7os que ir\u00e3o Posteriormente ser\u00e3o ocupados a partir de textos ad hoc compostos por profissionais de comunica\u00e7\u00e3o. \u00c9 certamente o texto de marcador de posi\u00e7\u00e3o\u00a0mais famoso\u00a0, mesmo que existam diferentes vers\u00f5es distingu\u00edveis da ordem em que as palavras latinas s\u00e3o repetidas. Lorem ipsum cont\u00e9m as\u00a0tipos de letra\u00a0mais em uso, um aspecto que permite que voc\u00ea tenha uma vis\u00e3o geral da renderiza\u00e7\u00e3o do texto em termos de\u00a0escolha da fonte\u00a0e\u00a0tamanho da fonte\u00a0. Ao se referir a Lorem ipsum, diferentes express\u00f5es s\u00e3o usadas, nomeadamente\u00a0texto de preenchimento\u00a0,\u00a0texto fict\u00edcio\u00a0,\u00a0texto cego\u00a0ou\u00a0texto do espa\u00e7o reservado: em suma, seu significado tamb\u00e9m pode ser zero, mas sua utilidade \u00e9 t\u00e3o clara quanto ao longo dos s\u00e9culos e resiste \u00e0s vers\u00f5es ir\u00f4nicas e modernas que vieram com a chegada da web. Massas e Salgados<\/p>\n","protected":false},"author":1,"featured_media":0,"parent":0,"menu_order":0,"comment_status":"closed","ping_status":"closed","template":"","meta":{"_joinchat":[],"footnotes":""},"class_list":["post-16","page","type-page","status-publish","hentry"],"_links":{"self":[{"href":"https:\/\/codematte.com\/padaria\/wp-json\/wp\/v2\/pages\/16","targetHints":{"allow":["GET"]}}],"collection":[{"href":"https:\/\/codematte.com\/padaria\/wp-json\/wp\/v2\/pages"}],"about":[{"href":"https:\/\/codematte.com\/padaria\/wp-json\/wp\/v2\/types\/page"}],"author":[{"embeddable":true,"href":"https:\/\/codematte.com\/padaria\/wp-json\/wp\/v2\/users\/1"}],"replies":[{"embeddable":true,"href":"https:\/\/codematte.com\/padaria\/wp-json\/wp\/v2\/comments?post=16"}],"version-history":[{"count":19,"href":"https:\/\/codematte.com\/padaria\/wp-json\/wp\/v2\/pages\/16\/revisions"}],"predecessor-version":[{"id":1274,"href":"https:\/\/codematte.com\/padaria\/wp-json\/wp\/v2\/pages\/16\/revisions\/1274"}],"wp:attachment":[{"href":"https:\/\/codematte.com\/padaria\/wp-json\/wp\/v2\/media?parent=16"}],"curies":[{"name":"wp","href":"https:\/\/api.w.org\/{rel}","templated":true}]}}